{"id":777,"date":"2024-09-04T11:13:16","date_gmt":"2024-09-04T09:13:16","guid":{"rendered":"https:\/\/www.chateau-nazelles.com\/about\/"},"modified":"2024-10-21T17:49:44","modified_gmt":"2024-10-21T15:49:44","slug":"about","status":"publish","type":"page","link":"https:\/\/www.chateau-nazelles.com\/en\/about\/","title":{"rendered":"ABOUT"},"content":{"rendered":"\t\t<div data-elementor-type=\"wp-page\" data-elementor-id=\"777\" class=\"elementor elementor-777 elementor-394\" data-elementor-post-type=\"page\">\n\t\t\t\t<div class=\"elementor-element elementor-element-2a4ce776 e-con-full e-flex e-con e-parent\" data-id=\"2a4ce776\" data-element_type=\"container\">\n\t\t\t\t<div class=\"elementor-element elementor-element-205f5102 elementor--h-position-center elementor--v-position-middle elementor-arrows-position-inside elementor-pagination-position-inside elementor-widget elementor-widget-slides\" data-id=\"205f5102\" data-element_type=\"widget\" data-settings=\"{&quot;navigation&quot;:&quot;both&quot;,&quot;autoplay&quot;:&quot;yes&quot;,&quot;pause_on_hover&quot;:&quot;yes&quot;,&quot;pause_on_interaction&quot;:&quot;yes&quot;,&quot;autoplay_speed&quot;:5000,&quot;infinite&quot;:&quot;yes&quot;,&quot;transition&quot;:&quot;slide&quot;,&quot;transition_speed&quot;:500}\" data-widget_type=\"slides.default\">\n\t\t\t\t<div class=\"elementor-widget-container\">\n\t\t\t\t\t<div class=\"elementor-swiper\">\n\t\t\t<div class=\"elementor-slides-wrapper elementor-main-swiper swiper\" dir=\"ltr\" data-animation=\"fadeInUp\">\n\t\t\t\t<div class=\"swiper-wrapper elementor-slides\">\n\t\t\t\t\t\t\t\t\t\t<div class=\"elementor-repeater-item-10efa99 swiper-slide\"><div class=\"swiper-slide-bg\" role=\"img\"><\/div><div class=\"swiper-slide-inner\" ><div class=\"swiper-slide-contents\"><h1 class=\"elementor-slide-heading\">Get to know more about the ch\u00e2teau and your hosts<\/h1><\/div><\/div><\/div>\t\t\t\t<\/div>\n\t\t\t\t\t\t\t<\/div>\n\t\t<\/div>\n\t\t\t\t<\/div>\n\t\t\t\t<\/div>\n\t\t\t\t<\/div>\n\t\t<div class=\"elementor-element elementor-element-2c0d2458 elementor-hidden-desktop elementor-hidden-tablet elementor-hidden-mobile e-flex e-con-boxed e-con e-parent\" data-id=\"2c0d2458\" data-element_type=\"container\">\n\t\t\t\t\t<div class=\"e-con-inner\">\n\t\t\t\t<div class=\"elementor-element elementor-element-df8d210 elementor-widget elementor-widget-heading\" data-id=\"df8d210\" data-element_type=\"widget\" data-widget_type=\"heading.default\">\n\t\t\t\t<div class=\"elementor-widget-container\">\n\t\t\t<h2 class=\"elementor-heading-title elementor-size-default\">The Ch\u00e2teau\u2019s history<\/h2>\t\t<\/div>\n\t\t\t\t<\/div>\n\t\t\t\t<div class=\"elementor-element elementor-element-273f217a elementor-widget elementor-widget-text-editor\" data-id=\"273f217a\" data-element_type=\"widget\" data-widget_type=\"text-editor.default\">\n\t\t\t\t<div class=\"elementor-widget-container\">\n\t\t\t\t\t\t\t<p>The Ch\u00e2teau de Nazelles is a french listed historical monument, a fieffal hamlet nestled into the hillside overlooking the village of Nazelles. The Ch\u00e2teau was bought and reconstructed in 1518 by Thomas Bohier, financial treasurer for the King of France and constructor of Chenonceau, and his wife Catherine Bri\u00e7onnet. It remained the home of the succeeding Lords of Nazelles up to the french revolution in 1789. The ch\u00e2teau was then turned into a wine estate. Numerous architectural elements from the Renaissance period are still present.<br \/>Famed artists have lived at Ch\u00e2teau de Nazelles over the years, finding inspiration in the quiet and beauty of the place. One of such was symbolist poet Viel\u00e9-Griffin who at the end of the 19th century, resided here with numerous friends, Andr\u00e9 Gide, Mallarm\u00e9 and Paul Val\u00e9ry to name a few. The painter Debat-Ponsan, renowned portrait artist and emeritus of fine arts from Toulouse, set up his studio at the ch\u00e2teau in 1900.   <\/p>\n\t\t\t\t\t\t<\/div>\n\t\t\t\t<\/div>\n\t\t\t\t<div class=\"elementor-element elementor-element-5c74170 elementor-align-center elementor-widget elementor-widget-button\" data-id=\"5c74170\" data-element_type=\"widget\" data-widget_type=\"button.default\">\n\t\t\t\t<div class=\"elementor-widget-container\">\n\t\t\t\t\t\t\t<div class=\"elementor-button-wrapper\">\n\t\t\t\t\t<a class=\"elementor-button elementor-button-link elementor-size-sm\" href=\"mailto:info@chateau-nazelles.com\">\n\t\t\t\t\t\t<span class=\"elementor-button-content-wrapper\">\n\t\t\t\t\t\t\t\t\t<span class=\"elementor-button-text\">WRITE TO US!<\/span>\n\t\t\t\t\t<\/span>\n\t\t\t\t\t<\/a>\n\t\t\t\t<\/div>\n\t\t\t\t\t\t<\/div>\n\t\t\t\t<\/div>\n\t\t\t\t\t<\/div>\n\t\t\t\t<\/div>\n\t\t<div class=\"elementor-element elementor-element-9ba73e9 e-flex e-con-boxed e-con e-parent\" data-id=\"9ba73e9\" data-element_type=\"container\">\n\t\t\t\t\t<div class=\"e-con-inner\">\n\t\t<div class=\"elementor-element elementor-element-acc5fd4 e-con-full e-flex e-con e-child\" data-id=\"acc5fd4\" data-element_type=\"container\">\n\t\t\t\t<div class=\"elementor-element elementor-element-e3f61f5 elementor-widget elementor-widget-heading\" data-id=\"e3f61f5\" data-element_type=\"widget\" data-widget_type=\"heading.default\">\n\t\t\t\t<div class=\"elementor-widget-container\">\n\t\t\t<h2 class=\"elementor-heading-title elementor-size-default\">The Ch\u00e2teau\u2019s history<\/h2>\t\t<\/div>\n\t\t\t\t<\/div>\n\t\t\t\t<div class=\"elementor-element elementor-element-35caa05 elementor-widget elementor-widget-text-editor\" data-id=\"35caa05\" data-element_type=\"widget\" data-widget_type=\"text-editor.default\">\n\t\t\t\t<div class=\"elementor-widget-container\">\n\t\t\t\t\t\t\t<div class=\"\">The Ch\u00e2teau de Nazelles is a french listed historical monument, a fieffal hamlet nestled into the hillside overlooking the village of Nazelles. The Ch\u00e2teau was bought and reconstructed in 1518 by Thomas Bohier, financial tresurer for the King of France and constructor of Chenonceau, and his wife Catherine Bri\u00e7onnet. It remained the home of the succeeding Lords of Nazelles up to the french revolution in 1789. The ch\u00e2teau was then turned into a wine estate. Numerous architectural elements from the Renaissance period are still present.    <\/div>\n<div class=\"\"> <\/div>\n<div class=\"\">Famed artists have lived at Ch\u00e2teau de Nazelles over the years, finding inspiration in the quiet and beauty of the place. One of such was symbolist poet Viel\u00e9-Griffin who at the end of the 19th century, resided here with numerous friends, Andr\u00e9 Gide, Mallarm\u00e9 and Paul Val\u00e9ry to name a few. The painter Debat-Ponsan, renowned portrait artist and emeritus of fine arts from Toulouse, set up his studio at the ch\u00e2teau in 1900.  <\/div>\n\t\t\t\t\t\t<\/div>\n\t\t\t\t<\/div>\n\t\t\t\t<\/div>\n\t\t<div class=\"elementor-element elementor-element-62372cd e-con-full e-flex e-con e-child\" data-id=\"62372cd\" data-element_type=\"container\">\n\t\t\t\t<div class=\"elementor-element elementor-element-2a8aa28 elementor-pagination-position-outside elementor-widget elementor-widget-image-carousel\" data-id=\"2a8aa28\" data-element_type=\"widget\" data-settings=\"{&quot;slides_to_show&quot;:&quot;1&quot;,&quot;navigation&quot;:&quot;dots&quot;,&quot;autoplay&quot;:&quot;yes&quot;,&quot;pause_on_hover&quot;:&quot;yes&quot;,&quot;pause_on_interaction&quot;:&quot;yes&quot;,&quot;autoplay_speed&quot;:5000,&quot;infinite&quot;:&quot;yes&quot;,&quot;effect&quot;:&quot;slide&quot;,&quot;speed&quot;:500}\" data-widget_type=\"image-carousel.default\">\n\t\t\t\t<div class=\"elementor-widget-container\">\n\t\t\t\t\t<div class=\"elementor-image-carousel-wrapper swiper\" dir=\"ltr\">\n\t\t\t<div class=\"elementor-image-carousel swiper-wrapper\" aria-live=\"off\">\n\t\t\t\t\t\t\t\t<div class=\"swiper-slide\" role=\"group\" aria-roledescription=\"slide\" aria-label=\"1 of 1\"><a data-elementor-open-lightbox=\"yes\" data-elementor-lightbox-slideshow=\"2a8aa28\" data-e-action-hash=\"#elementor-action%3Aaction%3Dlightbox%26settings%3DeyJpZCI6NTExLCJ1cmwiOiJodHRwczpcL1wvd3d3LmNoYXRlYXUtbmF6ZWxsZXMuY29tXC93cC1jb250ZW50XC91cGxvYWRzXC8yMDI0XC8wOVwvYS1wcm9wb3MuanBnIiwic2xpZGVzaG93IjoiMmE4YWEyOCJ9\" href=\"https:\/\/www.chateau-nazelles.com\/wp-content\/uploads\/2024\/09\/a-propos.jpg\"><figure class=\"swiper-slide-inner\"><img decoding=\"async\" class=\"swiper-slide-image\" src=\"https:\/\/www.chateau-nazelles.com\/wp-content\/uploads\/2024\/09\/a-propos.jpg\" alt=\"a-propos\" \/><\/figure><\/a><\/div>\t\t\t<\/div>\n\t\t\t\t\t<\/div>\n\t\t\t\t<\/div>\n\t\t\t\t<\/div>\n\t\t\t\t<\/div>\n\t\t\t\t\t<\/div>\n\t\t\t\t<\/div>\n\t\t<div class=\"elementor-element elementor-element-4610e1c e-flex e-con-boxed e-con e-parent\" data-id=\"4610e1c\" data-element_type=\"container\" data-settings=\"{&quot;background_background&quot;:&quot;classic&quot;}\">\n\t\t\t\t\t<div class=\"e-con-inner\">\n\t\t<div class=\"elementor-element elementor-element-11bbd15 e-con-full e-flex e-con e-child\" data-id=\"11bbd15\" data-element_type=\"container\">\n\t\t\t\t<div class=\"elementor-element elementor-element-1ecc716 elementor-pagination-position-outside elementor-widget elementor-widget-image-carousel\" data-id=\"1ecc716\" data-element_type=\"widget\" data-settings=\"{&quot;slides_to_show&quot;:&quot;1&quot;,&quot;navigation&quot;:&quot;dots&quot;,&quot;autoplay&quot;:&quot;yes&quot;,&quot;pause_on_hover&quot;:&quot;yes&quot;,&quot;pause_on_interaction&quot;:&quot;yes&quot;,&quot;autoplay_speed&quot;:5000,&quot;infinite&quot;:&quot;yes&quot;,&quot;effect&quot;:&quot;slide&quot;,&quot;speed&quot;:500}\" data-widget_type=\"image-carousel.default\">\n\t\t\t\t<div class=\"elementor-widget-container\">\n\t\t\t\t\t<div class=\"elementor-image-carousel-wrapper swiper\" dir=\"ltr\">\n\t\t\t<div class=\"elementor-image-carousel swiper-wrapper\" aria-live=\"off\">\n\t\t\t\t\t\t\t\t<div class=\"swiper-slide\" role=\"group\" aria-roledescription=\"slide\" aria-label=\"1 of 1\"><a data-elementor-open-lightbox=\"yes\" data-elementor-lightbox-slideshow=\"1ecc716\" data-e-action-hash=\"#elementor-action%3Aaction%3Dlightbox%26settings%3DeyJpZCI6NTE0LCJ1cmwiOiJodHRwczpcL1wvd3d3LmNoYXRlYXUtbmF6ZWxsZXMuY29tXC93cC1jb250ZW50XC91cGxvYWRzXC8yMDI0XC8wOVwvZmFtaWxsZS5qcGVnIiwic2xpZGVzaG93IjoiMWVjYzcxNiJ9\" href=\"https:\/\/www.chateau-nazelles.com\/wp-content\/uploads\/2024\/09\/famille.jpeg\"><figure class=\"swiper-slide-inner\"><img decoding=\"async\" class=\"swiper-slide-image\" src=\"https:\/\/www.chateau-nazelles.com\/wp-content\/uploads\/2024\/09\/famille.jpeg\" alt=\"famille\" \/><\/figure><\/a><\/div>\t\t\t<\/div>\n\t\t\t\t\t<\/div>\n\t\t\t\t<\/div>\n\t\t\t\t<\/div>\n\t\t\t\t<\/div>\n\t\t<div class=\"elementor-element elementor-element-56cf52c e-con-full e-flex e-con e-child\" data-id=\"56cf52c\" data-element_type=\"container\">\n\t\t\t\t<div class=\"elementor-element elementor-element-787b137 elementor-widget elementor-widget-heading\" data-id=\"787b137\" data-element_type=\"widget\" data-widget_type=\"heading.default\">\n\t\t\t\t<div class=\"elementor-widget-container\">\n\t\t\t<h2 class=\"elementor-heading-title elementor-size-default\">Get to know us <\/h2>\t\t<\/div>\n\t\t\t\t<\/div>\n\t\t\t\t<div class=\"elementor-element elementor-element-cbb7bc1 elementor-widget elementor-widget-text-editor\" data-id=\"cbb7bc1\" data-element_type=\"widget\" data-widget_type=\"text-editor.default\">\n\t\t\t\t<div class=\"elementor-widget-container\">\n\t\t\t\t\t\t\t<p>The owners since 1999, we are passionate about the area and the region, which is why we chose to make the ch\u00e2teau de Nazelles our family home. To bring this beautiful residence to life, and to make your stay the best it can be, we are accompanied by a wonderful team that you can meet during your visit. <\/p>\n\t\t\t\t\t\t<\/div>\n\t\t\t\t<\/div>\n\t\t\t\t<\/div>\n\t\t\t\t\t<\/div>\n\t\t\t\t<\/div>\n\t\t<div class=\"elementor-element elementor-element-00161a2 e-flex e-con-boxed e-con e-parent\" data-id=\"00161a2\" data-element_type=\"container\">\n\t\t\t\t\t<div class=\"e-con-inner\">\n\t\t<div class=\"elementor-element elementor-element-2f6800b e-con-full e-flex e-con e-child\" data-id=\"2f6800b\" data-element_type=\"container\">\n\t\t\t\t<div class=\"elementor-element elementor-element-40bdb10 elementor-widget elementor-widget-heading\" data-id=\"40bdb10\" data-element_type=\"widget\" data-widget_type=\"heading.default\">\n\t\t\t\t<div class=\"elementor-widget-container\">\n\t\t\t<h2 class=\"elementor-heading-title elementor-size-default\">OUR ECO COMMITMENT<\/h2>\t\t<\/div>\n\t\t\t\t<\/div>\n\t\t\t\t<div class=\"elementor-element elementor-element-31258a0 elementor-widget elementor-widget-text-editor\" data-id=\"31258a0\" data-element_type=\"widget\" data-widget_type=\"text-editor.default\">\n\t\t\t\t<div class=\"elementor-widget-container\">\n\t\t\t\t\t\t\t<p>We place great significance on respecting the natural environment that surrounds us, which is why we prioritise ecology in not only our facilities but also in the management of our professional activities ; no synthetic chemical products, no plastic, partnership with small french businesses for all sanitary products, bed and table linens from french manufacturers, are some examples of this attemps to being planet friendly.<\/p>\n<p>Respect for our guests who stay at Ch\u00e2teau de Nazelles, respect for our team without whom business would not run smoothly, and finally respect for the ch\u00e2teau itself, its old stones and history, guide us in all of the choices we make every day. <\/p>\n\t\t\t\t\t\t<\/div>\n\t\t\t\t<\/div>\n\t\t\t\t<\/div>\n\t\t<div class=\"elementor-element elementor-element-7b8de27 e-con-full e-flex e-con e-child\" data-id=\"7b8de27\" data-element_type=\"container\">\n\t\t\t\t<div class=\"elementor-element elementor-element-3cdd618 elementor-pagination-position-outside elementor-widget elementor-widget-image-carousel\" data-id=\"3cdd618\" data-element_type=\"widget\" data-settings=\"{&quot;slides_to_show&quot;:&quot;1&quot;,&quot;navigation&quot;:&quot;dots&quot;,&quot;autoplay&quot;:&quot;yes&quot;,&quot;pause_on_hover&quot;:&quot;yes&quot;,&quot;pause_on_interaction&quot;:&quot;yes&quot;,&quot;autoplay_speed&quot;:5000,&quot;infinite&quot;:&quot;yes&quot;,&quot;effect&quot;:&quot;slide&quot;,&quot;speed&quot;:500}\" data-widget_type=\"image-carousel.default\">\n\t\t\t\t<div class=\"elementor-widget-container\">\n\t\t\t\t\t<div class=\"elementor-image-carousel-wrapper swiper\" dir=\"ltr\">\n\t\t\t<div class=\"elementor-image-carousel swiper-wrapper\" aria-live=\"off\">\n\t\t\t\t\t\t\t\t<div class=\"swiper-slide\" role=\"group\" aria-roledescription=\"slide\" aria-label=\"1 of 1\"><a data-elementor-open-lightbox=\"yes\" data-elementor-lightbox-slideshow=\"3cdd618\" data-e-action-hash=\"#elementor-action%3Aaction%3Dlightbox%26settings%3DeyJpZCI6Mjc1LCJ1cmwiOiJodHRwczpcL1wvd3d3LmNoYXRlYXUtbmF6ZWxsZXMuY29tXC93cC1jb250ZW50XC91cGxvYWRzXC8yMDI0XC8wOVwvZm9udGFpbmUyLW1pbi5qcGciLCJzbGlkZXNob3ciOiIzY2RkNjE4In0%3D\" href=\"https:\/\/www.chateau-nazelles.com\/wp-content\/uploads\/2024\/09\/fontaine2-min.jpg\"><figure class=\"swiper-slide-inner\"><img decoding=\"async\" class=\"swiper-slide-image\" src=\"https:\/\/www.chateau-nazelles.com\/wp-content\/uploads\/2024\/09\/fontaine2-min.jpg\" alt=\"fontaine2-min\" \/><\/figure><\/a><\/div>\t\t\t<\/div>\n\t\t\t\t\t<\/div>\n\t\t\t\t<\/div>\n\t\t\t\t<\/div>\n\t\t\t\t<\/div>\n\t\t\t\t\t<\/div>\n\t\t\t\t<\/div>\n\t\t\t\t<\/div>\n\t\t","protected":false},"excerpt":{"rendered":"<p>Get to know more about the ch\u00e2teau and your hosts The Ch\u00e2teau\u2019s history The Ch\u00e2teau de Nazelles is a french [&hellip;]<\/p>\n","protected":false},"author":1,"featured_media":0,"parent":0,"menu_order":0,"comment_status":"closed","ping_status":"closed","template":"","meta":{"site-sidebar-layout":"no-sidebar","site-content-layout":"","ast-site-content-layout":"full-width-container","site-content-style":"default","site-sidebar-style":"default","ast-global-header-display":"","ast-banner-title-visibility":"","ast-main-header-display":"","ast-hfb-above-header-display":"","ast-hfb-below-header-display":"","ast-hfb-mobile-header-display":"","site-post-title":"disabled","ast-breadcrumbs-content":"","ast-featured-img":"disabled","footer-sml-layout":"","theme-transparent-header-meta":"","adv-header-id-meta":"","stick-header-meta":"","header-above-stick-meta":"","header-main-stick-meta":"","header-below-stick-meta":"","astra-migrate-meta-layouts":"default","ast-page-background-enabled":"default","ast-page-background-meta":{"desktop":{"background-color":"var(--ast-global-color-4)","background-image":"","background-repeat":"repeat","background-position":"center center","background-size":"auto","background-attachment":"scroll","background-type":"","background-media":"","overlay-type":"","overlay-color":"","overlay-opacity":"","overlay-gradient":""},"tablet":{"background-color":"","background-image":"","background-repeat":"repeat","background-position":"center center","background-size":"auto","background-attachment":"scroll","background-type":"","background-media":"","overlay-type":"","overlay-color":"","overlay-opacity":"","overlay-gradient":""},"mobile":{"background-color":"","background-image":"","background-repeat":"repeat","background-position":"center center","background-size":"auto","background-attachment":"scroll","background-type":"","background-media":"","overlay-type":"","overlay-color":"","overlay-opacity":"","overlay-gradient":""}},"ast-content-background-meta":{"desktop":{"background-color":"var(--ast-global-color-5)","background-image":"","background-repeat":"repeat","background-position":"center center","background-size":"auto","background-attachment":"scroll","background-type":"","background-media":"","overlay-type":"","overlay-color":"","overlay-opacity":"","overlay-gradient":""},"tablet":{"background-color":"var(--ast-global-color-5)","background-image":"","background-repeat":"repeat","background-position":"center center","background-size":"auto","background-attachment":"scroll","background-type":"","background-media":"","overlay-type":"","overlay-color":"","overlay-opacity":"","overlay-gradient":""},"mobile":{"background-color":"var(--ast-global-color-5)","background-image":"","background-repeat":"repeat","background-position":"center center","background-size":"auto","background-attachment":"scroll","background-type":"","background-media":"","overlay-type":"","overlay-color":"","overlay-opacity":"","overlay-gradient":""}},"footnotes":""},"class_list":["post-777","page","type-page","status-publish","hentry"],"yoast_head":"<!-- This site is optimized with the Yoast SEO plugin v23.8 - https:\/\/yoast.com\/wordpress\/plugins\/seo\/ -->\n<title>ABOUT - Ch\u00e2teau de Nazelles<\/title>\n<meta name=\"robots\" content=\"index, follow, max-snippet:-1, max-image-preview:large, max-video-preview:-1\" \/>\n<link rel=\"canonical\" href=\"https:\/\/www.chateau-nazelles.com\/a-propos\/\" \/>\n<meta property=\"og:locale\" content=\"en_US\" \/>\n<meta property=\"og:type\" content=\"article\" \/>\n<meta property=\"og:title\" content=\"ABOUT - Ch\u00e2teau de Nazelles\" \/>\n<meta property=\"og:description\" content=\"Get to know more about the ch\u00e2teau and your hosts The Ch\u00e2teau\u2019s history The Ch\u00e2teau de Nazelles is a french [&hellip;]\" \/>\n<meta property=\"og:url\" content=\"https:\/\/www.chateau-nazelles.com\/a-propos\/\" \/>\n<meta property=\"og:site_name\" content=\"Ch\u00e2teau de Nazelles\" \/>\n<meta property=\"article:modified_time\" content=\"2024-10-21T15:49:44+00:00\" \/>\n<meta property=\"og:image\" content=\"https:\/\/www.chateau-nazelles.com\/wp-content\/uploads\/2024\/09\/a-propos.jpg\" \/>\n<meta name=\"twitter:card\" content=\"summary_large_image\" \/>\n<meta name=\"twitter:label1\" content=\"Est. reading time\" \/>\n\t<meta name=\"twitter:data1\" content=\"3 minutes\" \/>\n<script type=\"application\/ld+json\" class=\"yoast-schema-graph\">{\"@context\":\"https:\/\/schema.org\",\"@graph\":[{\"@type\":\"WebPage\",\"@id\":\"https:\/\/www.chateau-nazelles.com\/a-propos\/\",\"url\":\"https:\/\/www.chateau-nazelles.com\/a-propos\/\",\"name\":\"ABOUT - Ch\u00e2teau de Nazelles\",\"isPartOf\":{\"@id\":\"https:\/\/www.chateau-nazelles.com\/#website\"},\"primaryImageOfPage\":{\"@id\":\"https:\/\/www.chateau-nazelles.com\/a-propos\/#primaryimage\"},\"image\":{\"@id\":\"https:\/\/www.chateau-nazelles.com\/a-propos\/#primaryimage\"},\"thumbnailUrl\":\"https:\/\/www.chateau-nazelles.com\/wp-content\/uploads\/2024\/09\/a-propos.jpg\",\"datePublished\":\"2024-09-04T09:13:16+00:00\",\"dateModified\":\"2024-10-21T15:49:44+00:00\",\"breadcrumb\":{\"@id\":\"https:\/\/www.chateau-nazelles.com\/a-propos\/#breadcrumb\"},\"inLanguage\":\"en-US\",\"potentialAction\":[{\"@type\":\"ReadAction\",\"target\":[\"https:\/\/www.chateau-nazelles.com\/a-propos\/\"]}]},{\"@type\":\"ImageObject\",\"inLanguage\":\"en-US\",\"@id\":\"https:\/\/www.chateau-nazelles.com\/a-propos\/#primaryimage\",\"url\":\"https:\/\/www.chateau-nazelles.com\/wp-content\/uploads\/2024\/09\/a-propos.jpg\",\"contentUrl\":\"https:\/\/www.chateau-nazelles.com\/wp-content\/uploads\/2024\/09\/a-propos.jpg\"},{\"@type\":\"BreadcrumbList\",\"@id\":\"https:\/\/www.chateau-nazelles.com\/a-propos\/#breadcrumb\",\"itemListElement\":[{\"@type\":\"ListItem\",\"position\":1,\"name\":\"Accueil\",\"item\":\"https:\/\/www.chateau-nazelles.com\/\"},{\"@type\":\"ListItem\",\"position\":2,\"name\":\"ABOUT\"}]},{\"@type\":\"WebSite\",\"@id\":\"https:\/\/www.chateau-nazelles.com\/#website\",\"url\":\"https:\/\/www.chateau-nazelles.com\/\",\"name\":\"Ch\u00e2teau de Nazelles\",\"description\":\"Une exp\u00e9rience unique au coeur des Chateaux de la Loire\",\"publisher\":{\"@id\":\"https:\/\/www.chateau-nazelles.com\/#organization\"},\"potentialAction\":[{\"@type\":\"SearchAction\",\"target\":{\"@type\":\"EntryPoint\",\"urlTemplate\":\"https:\/\/www.chateau-nazelles.com\/?s={search_term_string}\"},\"query-input\":{\"@type\":\"PropertyValueSpecification\",\"valueRequired\":true,\"valueName\":\"search_term_string\"}}],\"inLanguage\":\"en-US\"},{\"@type\":\"Organization\",\"@id\":\"https:\/\/www.chateau-nazelles.com\/#organization\",\"name\":\"Ch\u00e2teau de Nazelles\",\"url\":\"https:\/\/www.chateau-nazelles.com\/\",\"logo\":{\"@type\":\"ImageObject\",\"inLanguage\":\"en-US\",\"@id\":\"https:\/\/www.chateau-nazelles.com\/#\/schema\/logo\/image\/\",\"url\":\"https:\/\/www.chateau-nazelles.com\/wp-content\/uploads\/2024\/09\/logo-chateau-nazelles.png\",\"contentUrl\":\"https:\/\/www.chateau-nazelles.com\/wp-content\/uploads\/2024\/09\/logo-chateau-nazelles.png\",\"width\":181,\"height\":94,\"caption\":\"Ch\u00e2teau de Nazelles\"},\"image\":{\"@id\":\"https:\/\/www.chateau-nazelles.com\/#\/schema\/logo\/image\/\"}}]}<\/script>\n<!-- \/ Yoast SEO plugin. -->","yoast_head_json":{"title":"ABOUT - Ch\u00e2teau de Nazelles","robots":{"index":"index","follow":"follow","max-snippet":"max-snippet:-1","max-image-preview":"max-image-preview:large","max-video-preview":"max-video-preview:-1"},"canonical":"https:\/\/www.chateau-nazelles.com\/a-propos\/","og_locale":"en_US","og_type":"article","og_title":"ABOUT - Ch\u00e2teau de Nazelles","og_description":"Get to know more about the ch\u00e2teau and your hosts The Ch\u00e2teau\u2019s history The Ch\u00e2teau de Nazelles is a french [&hellip;]","og_url":"https:\/\/www.chateau-nazelles.com\/a-propos\/","og_site_name":"Ch\u00e2teau de Nazelles","article_modified_time":"2024-10-21T15:49:44+00:00","og_image":[{"url":"https:\/\/www.chateau-nazelles.com\/wp-content\/uploads\/2024\/09\/a-propos.jpg"}],"twitter_card":"summary_large_image","twitter_misc":{"Est. reading time":"3 minutes"},"schema":{"@context":"https:\/\/schema.org","@graph":[{"@type":"WebPage","@id":"https:\/\/www.chateau-nazelles.com\/a-propos\/","url":"https:\/\/www.chateau-nazelles.com\/a-propos\/","name":"ABOUT - Ch\u00e2teau de Nazelles","isPartOf":{"@id":"https:\/\/www.chateau-nazelles.com\/#website"},"primaryImageOfPage":{"@id":"https:\/\/www.chateau-nazelles.com\/a-propos\/#primaryimage"},"image":{"@id":"https:\/\/www.chateau-nazelles.com\/a-propos\/#primaryimage"},"thumbnailUrl":"https:\/\/www.chateau-nazelles.com\/wp-content\/uploads\/2024\/09\/a-propos.jpg","datePublished":"2024-09-04T09:13:16+00:00","dateModified":"2024-10-21T15:49:44+00:00","breadcrumb":{"@id":"https:\/\/www.chateau-nazelles.com\/a-propos\/#breadcrumb"},"inLanguage":"en-US","potentialAction":[{"@type":"ReadAction","target":["https:\/\/www.chateau-nazelles.com\/a-propos\/"]}]},{"@type":"ImageObject","inLanguage":"en-US","@id":"https:\/\/www.chateau-nazelles.com\/a-propos\/#primaryimage","url":"https:\/\/www.chateau-nazelles.com\/wp-content\/uploads\/2024\/09\/a-propos.jpg","contentUrl":"https:\/\/www.chateau-nazelles.com\/wp-content\/uploads\/2024\/09\/a-propos.jpg"},{"@type":"BreadcrumbList","@id":"https:\/\/www.chateau-nazelles.com\/a-propos\/#breadcrumb","itemListElement":[{"@type":"ListItem","position":1,"name":"Accueil","item":"https:\/\/www.chateau-nazelles.com\/"},{"@type":"ListItem","position":2,"name":"ABOUT"}]},{"@type":"WebSite","@id":"https:\/\/www.chateau-nazelles.com\/#website","url":"https:\/\/www.chateau-nazelles.com\/","name":"Ch\u00e2teau de Nazelles","description":"Une exp\u00e9rience unique au coeur des Chateaux de la Loire","publisher":{"@id":"https:\/\/www.chateau-nazelles.com\/#organization"},"potentialAction":[{"@type":"SearchAction","target":{"@type":"EntryPoint","urlTemplate":"https:\/\/www.chateau-nazelles.com\/?s={search_term_string}"},"query-input":{"@type":"PropertyValueSpecification","valueRequired":true,"valueName":"search_term_string"}}],"inLanguage":"en-US"},{"@type":"Organization","@id":"https:\/\/www.chateau-nazelles.com\/#organization","name":"Ch\u00e2teau de Nazelles","url":"https:\/\/www.chateau-nazelles.com\/","logo":{"@type":"ImageObject","inLanguage":"en-US","@id":"https:\/\/www.chateau-nazelles.com\/#\/schema\/logo\/image\/","url":"https:\/\/www.chateau-nazelles.com\/wp-content\/uploads\/2024\/09\/logo-chateau-nazelles.png","contentUrl":"https:\/\/www.chateau-nazelles.com\/wp-content\/uploads\/2024\/09\/logo-chateau-nazelles.png","width":181,"height":94,"caption":"Ch\u00e2teau de Nazelles"},"image":{"@id":"https:\/\/www.chateau-nazelles.com\/#\/schema\/logo\/image\/"}}]}},"_links":{"self":[{"href":"https:\/\/www.chateau-nazelles.com\/en\/wp-json\/wp\/v2\/pages\/777","targetHints":{"allow":["GET"]}}],"collection":[{"href":"https:\/\/www.chateau-nazelles.com\/en\/wp-json\/wp\/v2\/pages"}],"about":[{"href":"https:\/\/www.chateau-nazelles.com\/en\/wp-json\/wp\/v2\/types\/page"}],"author":[{"embeddable":true,"href":"https:\/\/www.chateau-nazelles.com\/en\/wp-json\/wp\/v2\/users\/1"}],"replies":[{"embeddable":true,"href":"https:\/\/www.chateau-nazelles.com\/en\/wp-json\/wp\/v2\/comments?post=777"}],"version-history":[{"count":0,"href":"https:\/\/www.chateau-nazelles.com\/en\/wp-json\/wp\/v2\/pages\/777\/revisions"}],"wp:attachment":[{"href":"https:\/\/www.chateau-nazelles.com\/en\/wp-json\/wp\/v2\/media?parent=777"}],"curies":[{"name":"wp","href":"https:\/\/api.w.org\/{rel}","templated":true}]}}